{"id":5225,"date":"2019-03-26T09:09:23","date_gmt":"2019-03-26T09:09:23","guid":{"rendered":"https:\/\/demo.goodlayers.com\/traveltour\/main3\/?page_id=5225"},"modified":"2025-12-11T15:24:08","modified_gmt":"2025-12-11T15:24:08","slug":"homepage","status":"publish","type":"page","link":"https:\/\/lands.pt\/fr\/","title":{"rendered":"Homepage"},"content":{"rendered":"","protected":false},"excerpt":{"rendered":"","protected":false},"author":1,"featured_media":7333,"parent":0,"menu_order":0,"comment_status":"closed","ping_status":"closed","template":"","meta":{"inline_featured_image":false,"_joinchat":[],"footnotes":""},"class_list":["post-5225","page","type-page","status-publish","has-post-thumbnail","hentry"],"yoast_head":"<!-- This site is optimized with the Yoast SEO plugin v26.9 - https:\/\/yoast.com\/product\/yoast-seo-wordpress\/ -->\n<title>Lands | Ria Formosa &amp; Faro Tours and Boat Tours<\/title>\n<meta name=\"description\" content=\"Browse Lands&#039; Ria Formosa &amp; Faro tours and boat tours. Eco-boat tours &amp; activities led by trained biologists. Unforgettable experiences in the Algarve!\" \/>\n<meta name=\"robots\" content=\"index, follow, max-snippet:-1, max-image-preview:large, max-video-preview:-1\" \/>\n<link rel=\"canonical\" href=\"https:\/\/lands.pt\/fr\/\" \/>\n<meta property=\"og:locale\" content=\"fr_FR\" \/>\n<meta property=\"og:type\" content=\"article\" \/>\n<meta property=\"og:title\" content=\"Lands | Ria Formosa &amp; Faro Tours and Boat Tours\" \/>\n<meta property=\"og:description\" content=\"Browse Lands&#039; Ria Formosa &amp; Faro tours and boat tours. Eco-boat tours &amp; activities led by trained biologists. Unforgettable experiences in the Algarve!\" \/>\n<meta property=\"og:url\" content=\"https:\/\/lands.pt\/fr\/\" \/>\n<meta property=\"og:site_name\" content=\"Lands - Turismo na Natureza\" \/>\n<meta property=\"article:modified_time\" content=\"2025-12-11T15:24:08+00:00\" \/>\n<meta property=\"og:image\" content=\"https:\/\/lands.pt\/wp-content\/uploads\/2023\/09\/Lands-Eco-Boat-Tours-homepage-tiny-1.jpg\" \/>\n\t<meta property=\"og:image:width\" content=\"1920\" \/>\n\t<meta property=\"og:image:height\" content=\"1080\" \/>\n\t<meta property=\"og:image:type\" content=\"image\/jpeg\" \/>\n<meta name=\"twitter:card\" content=\"summary_large_image\" \/>\n<meta name=\"twitter:label1\" content=\"Dur\u00e9e de lecture estim\u00e9e\" \/>\n\t<meta name=\"twitter:data1\" content=\"6 minutes\" \/>\n<script type=\"application\/ld+json\" class=\"yoast-schema-graph\">{\"@context\":\"https:\/\/schema.org\",\"@graph\":[{\"@type\":\"WebPage\",\"@id\":\"https:\/\/lands.pt\/\",\"url\":\"https:\/\/lands.pt\/\",\"name\":\"Lands | Ria Formosa & Faro Tours and Boat Tours\",\"isPartOf\":{\"@id\":\"https:\/\/lands.pt\/es\/#website\"},\"primaryImageOfPage\":{\"@id\":\"https:\/\/lands.pt\/#primaryimage\"},\"image\":{\"@id\":\"https:\/\/lands.pt\/#primaryimage\"},\"thumbnailUrl\":\"https:\/\/lands.pt\/wp-content\/uploads\/2023\/09\/Lands-Eco-Boat-Tours-homepage-tiny-1.jpg\",\"datePublished\":\"2019-03-26T09:09:23+00:00\",\"dateModified\":\"2025-12-11T15:24:08+00:00\",\"description\":\"Browse Lands' Ria Formosa & Faro tours and boat tours. Eco-boat tours & activities led by trained biologists. Unforgettable experiences in the Algarve!\",\"breadcrumb\":{\"@id\":\"https:\/\/lands.pt\/#breadcrumb\"},\"inLanguage\":\"fr-FR\",\"potentialAction\":[{\"@type\":\"ReadAction\",\"target\":[\"https:\/\/lands.pt\/\"]}]},{\"@type\":\"ImageObject\",\"inLanguage\":\"fr-FR\",\"@id\":\"https:\/\/lands.pt\/#primaryimage\",\"url\":\"https:\/\/lands.pt\/wp-content\/uploads\/2023\/09\/Lands-Eco-Boat-Tours-homepage-tiny-1.jpg\",\"contentUrl\":\"https:\/\/lands.pt\/wp-content\/uploads\/2023\/09\/Lands-Eco-Boat-Tours-homepage-tiny-1.jpg\",\"width\":1920,\"height\":1080,\"caption\":\"Lands' solar-powered boat and a kayak in Ria Formosa near Faro, Algarve.\"},{\"@type\":\"BreadcrumbList\",\"@id\":\"https:\/\/lands.pt\/#breadcrumb\",\"itemListElement\":[{\"@type\":\"ListItem\",\"position\":1,\"name\":\"Home\",\"item\":\"https:\/\/lands.pt\/\"},{\"@type\":\"ListItem\",\"position\":2,\"name\":\"Homepage\"}]},{\"@type\":\"WebSite\",\"@id\":\"https:\/\/lands.pt\/es\/#website\",\"url\":\"https:\/\/lands.pt\/es\/\",\"name\":\"Lands - Turismo na Natureza\",\"description\":\"Eco-friendly Boat Trips &amp; Tours in Ria Formosa, Faro - Algarve\",\"publisher\":{\"@id\":\"https:\/\/lands.pt\/es\/#organization\"},\"potentialAction\":[{\"@type\":\"SearchAction\",\"target\":{\"@type\":\"EntryPoint\",\"urlTemplate\":\"https:\/\/lands.pt\/es\/?s={search_term_string}\"},\"query-input\":{\"@type\":\"PropertyValueSpecification\",\"valueRequired\":true,\"valueName\":\"search_term_string\"}}],\"inLanguage\":\"fr-FR\"},{\"@type\":\"Organization\",\"@id\":\"https:\/\/lands.pt\/es\/#organization\",\"name\":\"Lands\",\"url\":\"https:\/\/lands.pt\/es\/\",\"logo\":{\"@type\":\"ImageObject\",\"inLanguage\":\"fr-FR\",\"@id\":\"https:\/\/lands.pt\/es\/#\/schema\/logo\/image\/\",\"url\":\"https:\/\/lands.pt\/wp-content\/uploads\/2020\/11\/12.png\",\"contentUrl\":\"https:\/\/lands.pt\/wp-content\/uploads\/2020\/11\/12.png\",\"width\":424,\"height\":183,\"caption\":\"Lands\"},\"image\":{\"@id\":\"https:\/\/lands.pt\/es\/#\/schema\/logo\/image\/\"}}]}<\/script>\n<!-- \/ Yoast SEO plugin. -->","yoast_head_json":{"title":"Lands | Excursions et Balades en Bateau de Ria Formosa \u00e0 Faro","description":"D\u00e9couvrez les excursions et balades en bateau dans la Ria Formosa et Faro. Activit\u00e9s et balades en bateau solaire \u00e9cologique inoubliables en Algarve\u2009!","robots":{"index":"index","follow":"follow","max-snippet":"max-snippet:-1","max-image-preview":"max-image-preview:large","max-video-preview":"max-video-preview:-1"},"canonical":"https:\/\/lands.pt\/fr\/","og_locale":"fr_FR","og_type":"article","og_title":"Lands | Ria Formosa & Faro Tours and Boat Tours","og_description":"Browse Lands' Ria Formosa & Faro tours and boat tours. Eco-boat tours & activities led by trained biologists. Unforgettable experiences in the Algarve!","og_url":"https:\/\/lands.pt\/fr\/","og_site_name":"Lands - Turismo na Natureza","article_modified_time":"2025-12-11T15:24:08+00:00","og_image":[{"width":1920,"height":1080,"url":"https:\/\/lands.pt\/wp-content\/uploads\/2023\/09\/Lands-Eco-Boat-Tours-homepage-tiny-1.jpg","type":"image\/jpeg"}],"twitter_card":"summary_large_image","twitter_misc":{"Dur\u00e9e de lecture estim\u00e9e":"6 minutes"},"schema":{"@context":"https:\/\/schema.org","@graph":[{"@type":"WebPage","@id":"https:\/\/lands.pt\/","url":"https:\/\/lands.pt\/","name":"Lands | Excursions et Balades en Bateau de Ria Formosa \u00e0 Faro","isPartOf":{"@id":"https:\/\/lands.pt\/es\/#website"},"primaryImageOfPage":{"@id":"https:\/\/lands.pt\/#primaryimage"},"image":{"@id":"https:\/\/lands.pt\/#primaryimage"},"thumbnailUrl":"https:\/\/lands.pt\/wp-content\/uploads\/2023\/09\/Lands-Eco-Boat-Tours-homepage-tiny-1.jpg","datePublished":"2019-03-26T09:09:23+00:00","dateModified":"2025-12-11T15:24:08+00:00","description":"D\u00e9couvrez les excursions et balades en bateau dans la Ria Formosa et Faro. Activit\u00e9s et balades en bateau solaire \u00e9cologique inoubliables en Algarve\u2009!","breadcrumb":{"@id":"https:\/\/lands.pt\/#breadcrumb"},"inLanguage":"fr-FR","potentialAction":[{"@type":"ReadAction","target":["https:\/\/lands.pt\/"]}]},{"@type":"ImageObject","inLanguage":"fr-FR","@id":"https:\/\/lands.pt\/#primaryimage","url":"https:\/\/lands.pt\/wp-content\/uploads\/2023\/09\/Lands-Eco-Boat-Tours-homepage-tiny-1.jpg","contentUrl":"https:\/\/lands.pt\/wp-content\/uploads\/2023\/09\/Lands-Eco-Boat-Tours-homepage-tiny-1.jpg","width":1920,"height":1080,"caption":"Lands' solar-powered boat and a kayak in Ria Formosa near Faro, Algarve."},{"@type":"BreadcrumbList","@id":"https:\/\/lands.pt\/#breadcrumb","itemListElement":[{"@type":"ListItem","position":1,"name":"Home","item":"https:\/\/lands.pt\/"},{"@type":"ListItem","position":2,"name":"Homepage"}]},{"@type":"WebSite","@id":"https:\/\/lands.pt\/es\/#website","url":"https:\/\/lands.pt\/es\/","name":"Lands - Tourisme de nature","description":"Circuits et Excursions en Bateau sur la Ria Formosa et Faro","publisher":{"@id":"https:\/\/lands.pt\/es\/#organization"},"potentialAction":[{"@type":"SearchAction","target":{"@type":"EntryPoint","urlTemplate":"https:\/\/lands.pt\/es\/?s={search_term_string}"},"query-input":{"@type":"PropertyValueSpecification","valueRequired":true,"valueName":"search_term_string"}}],"inLanguage":"fr-FR"},{"@type":"Organization","@id":"https:\/\/lands.pt\/es\/#organization","name":"Lands","url":"https:\/\/lands.pt\/es\/","logo":{"@type":"ImageObject","inLanguage":"fr-FR","@id":"https:\/\/lands.pt\/es\/#\/schema\/logo\/image\/","url":"https:\/\/lands.pt\/wp-content\/uploads\/2020\/11\/12.png","contentUrl":"https:\/\/lands.pt\/wp-content\/uploads\/2020\/11\/12.png","width":424,"height":183,"caption":"Lands"},"image":{"@id":"https:\/\/lands.pt\/es\/#\/schema\/logo\/image\/"}}]}},"_links":{"self":[{"href":"https:\/\/lands.pt\/fr\/wp-json\/wp\/v2\/pages\/5225","targetHints":{"allow":["GET"]}}],"collection":[{"href":"https:\/\/lands.pt\/fr\/wp-json\/wp\/v2\/pages"}],"about":[{"href":"https:\/\/lands.pt\/fr\/wp-json\/wp\/v2\/types\/page"}],"author":[{"embeddable":true,"href":"https:\/\/lands.pt\/fr\/wp-json\/wp\/v2\/users\/1"}],"replies":[{"embeddable":true,"href":"https:\/\/lands.pt\/fr\/wp-json\/wp\/v2\/comments?post=5225"}],"version-history":[{"count":5,"href":"https:\/\/lands.pt\/fr\/wp-json\/wp\/v2\/pages\/5225\/revisions"}],"predecessor-version":[{"id":8232,"href":"https:\/\/lands.pt\/fr\/wp-json\/wp\/v2\/pages\/5225\/revisions\/8232"}],"wp:featuredmedia":[{"embeddable":true,"href":"https:\/\/lands.pt\/fr\/wp-json\/wp\/v2\/media\/7333"}],"wp:attachment":[{"href":"https:\/\/lands.pt\/fr\/wp-json\/wp\/v2\/media?parent=5225"}],"curies":[{"name":"wp","href":"https:\/\/api.w.org\/{rel}","templated":true}]}}