{"id":7598,"date":"2024-02-23T12:59:59","date_gmt":"2024-02-23T12:59:59","guid":{"rendered":"https:\/\/lands.pt\/?page_id=7598"},"modified":"2025-08-22T08:12:21","modified_gmt":"2025-08-22T08:12:21","slug":"guia-turistica-algarve","status":"publish","type":"page","link":"https:\/\/lands.pt\/es\/guia-turistica-algarve\/","title":{"rendered":"Gu\u00eda Tur\u00edstica del Algarve"},"content":{"rendered":"","protected":false},"excerpt":{"rendered":"","protected":false},"author":1,"featured_media":7252,"parent":0,"menu_order":0,"comment_status":"closed","ping_status":"closed","template":"","meta":{"inline_featured_image":false,"_joinchat":[],"footnotes":""},"class_list":["post-7598","page","type-page","status-publish","has-post-thumbnail","hentry"],"yoast_head":"<!-- This site is optimized with the Yoast SEO plugin v26.9 - https:\/\/yoast.com\/product\/yoast-seo-wordpress\/ -->\n<title>Traveller\u2019s Guide to the Algarve | Lands<\/title>\n<meta name=\"description\" content=\"Join Lands as we discuss what makes the Algarve special and offer tips for planning your travels. Read more\u2026\" \/>\n<meta name=\"robots\" content=\"index, follow, max-snippet:-1, max-image-preview:large, max-video-preview:-1\" \/>\n<link rel=\"canonical\" href=\"https:\/\/lands.pt\/es\/guia-turistica-algarve\/\" \/>\n<meta property=\"og:locale\" content=\"es_ES\" \/>\n<meta property=\"og:type\" content=\"article\" \/>\n<meta property=\"og:title\" content=\"Traveller\u2019s Guide to the Algarve | Lands\" \/>\n<meta property=\"og:description\" content=\"Join Lands as we discuss what makes the Algarve special and offer tips for planning your travels. Read more\u2026\" \/>\n<meta property=\"og:url\" content=\"https:\/\/lands.pt\/es\/guia-turistica-algarve\/\" \/>\n<meta property=\"og:site_name\" content=\"Lands - Turismo na Natureza\" \/>\n<meta property=\"article:modified_time\" content=\"2025-08-22T08:12:21+00:00\" \/>\n<meta property=\"og:image\" content=\"https:\/\/lands.pt\/wp-content\/uploads\/2020\/11\/Ria-Formosa-Eco-Boat-Tour-01.jpg\" \/>\n\t<meta property=\"og:image:width\" content=\"1920\" \/>\n\t<meta property=\"og:image:height\" content=\"1080\" \/>\n\t<meta property=\"og:image:type\" content=\"image\/jpeg\" \/>\n<meta name=\"twitter:card\" content=\"summary_large_image\" \/>\n<meta name=\"twitter:label1\" content=\"Tiempo de lectura\" \/>\n\t<meta name=\"twitter:data1\" content=\"6 minutos\" \/>\n<script type=\"application\/ld+json\" class=\"yoast-schema-graph\">{\"@context\":\"https:\/\/schema.org\",\"@graph\":[{\"@type\":\"WebPage\",\"@id\":\"https:\/\/lands.pt\/travellers-guide-to-the-algarve\/\",\"url\":\"https:\/\/lands.pt\/travellers-guide-to-the-algarve\/\",\"name\":\"Traveller\u2019s Guide to the Algarve | Lands\",\"isPartOf\":{\"@id\":\"https:\/\/lands.pt\/es\/#website\"},\"primaryImageOfPage\":{\"@id\":\"https:\/\/lands.pt\/travellers-guide-to-the-algarve\/#primaryimage\"},\"image\":{\"@id\":\"https:\/\/lands.pt\/travellers-guide-to-the-algarve\/#primaryimage\"},\"thumbnailUrl\":\"https:\/\/lands.pt\/wp-content\/uploads\/2020\/11\/Ria-Formosa-Eco-Boat-Tour-01.jpg\",\"datePublished\":\"2024-02-23T12:59:59+00:00\",\"dateModified\":\"2025-08-22T08:12:21+00:00\",\"description\":\"Join Lands as we discuss what makes the Algarve special and offer tips for planning your travels. Read more\u2026\",\"breadcrumb\":{\"@id\":\"https:\/\/lands.pt\/travellers-guide-to-the-algarve\/#breadcrumb\"},\"inLanguage\":\"es\",\"potentialAction\":[{\"@type\":\"ReadAction\",\"target\":[\"https:\/\/lands.pt\/travellers-guide-to-the-algarve\/\"]}]},{\"@type\":\"ImageObject\",\"inLanguage\":\"es\",\"@id\":\"https:\/\/lands.pt\/travellers-guide-to-the-algarve\/#primaryimage\",\"url\":\"https:\/\/lands.pt\/wp-content\/uploads\/2020\/11\/Ria-Formosa-Eco-Boat-Tour-01.jpg\",\"contentUrl\":\"https:\/\/lands.pt\/wp-content\/uploads\/2020\/11\/Ria-Formosa-Eco-Boat-Tour-01.jpg\",\"width\":1920,\"height\":1080,\"caption\":\"Panoramic view of the Ria Formosa estuary from the boat tour, highlighting the harmonious blend of land and water.\"},{\"@type\":\"BreadcrumbList\",\"@id\":\"https:\/\/lands.pt\/travellers-guide-to-the-algarve\/#breadcrumb\",\"itemListElement\":[{\"@type\":\"ListItem\",\"position\":1,\"name\":\"Home\",\"item\":\"https:\/\/lands.pt\/\"},{\"@type\":\"ListItem\",\"position\":2,\"name\":\"Traveller\u2019s Guide to the Algarve\"}]},{\"@type\":\"WebSite\",\"@id\":\"https:\/\/lands.pt\/es\/#website\",\"url\":\"https:\/\/lands.pt\/es\/\",\"name\":\"Lands - Turismo na Natureza\",\"description\":\"Eco-friendly Boat Trips &amp; Tours in Ria Formosa, Faro - Algarve\",\"publisher\":{\"@id\":\"https:\/\/lands.pt\/es\/#organization\"},\"potentialAction\":[{\"@type\":\"SearchAction\",\"target\":{\"@type\":\"EntryPoint\",\"urlTemplate\":\"https:\/\/lands.pt\/es\/?s={search_term_string}\"},\"query-input\":{\"@type\":\"PropertyValueSpecification\",\"valueRequired\":true,\"valueName\":\"search_term_string\"}}],\"inLanguage\":\"es\"},{\"@type\":\"Organization\",\"@id\":\"https:\/\/lands.pt\/es\/#organization\",\"name\":\"Lands\",\"url\":\"https:\/\/lands.pt\/es\/\",\"logo\":{\"@type\":\"ImageObject\",\"inLanguage\":\"es\",\"@id\":\"https:\/\/lands.pt\/es\/#\/schema\/logo\/image\/\",\"url\":\"https:\/\/lands.pt\/wp-content\/uploads\/2020\/11\/12.png\",\"contentUrl\":\"https:\/\/lands.pt\/wp-content\/uploads\/2020\/11\/12.png\",\"width\":424,\"height\":183,\"caption\":\"Lands\"},\"image\":{\"@id\":\"https:\/\/lands.pt\/es\/#\/schema\/logo\/image\/\"}}]}<\/script>\n<!-- \/ Yoast SEO plugin. -->","yoast_head_json":{"title":"Gu\u00eda Tur\u00edstica del Algarve | Lands","description":"\u00danase a Lands, analizamos qu\u00e9 hace que el Algarve sea especial y le ofrecemos consejos para planificar sus viajes. Leer m\u00e1s\u2026","robots":{"index":"index","follow":"follow","max-snippet":"max-snippet:-1","max-image-preview":"max-image-preview:large","max-video-preview":"max-video-preview:-1"},"canonical":"https:\/\/lands.pt\/es\/guia-turistica-algarve\/","og_locale":"es_ES","og_type":"article","og_title":"Traveller\u2019s Guide to the Algarve | Lands","og_description":"Join Lands as we discuss what makes the Algarve special and offer tips for planning your travels. Read more\u2026","og_url":"https:\/\/lands.pt\/es\/guia-turistica-algarve\/","og_site_name":"Lands - Turismo na Natureza","article_modified_time":"2025-08-22T08:12:21+00:00","og_image":[{"width":1920,"height":1080,"url":"https:\/\/lands.pt\/wp-content\/uploads\/2020\/11\/Ria-Formosa-Eco-Boat-Tour-01.jpg","type":"image\/jpeg"}],"twitter_card":"summary_large_image","twitter_misc":{"Tiempo de lectura":"6 minutos"},"schema":{"@context":"https:\/\/schema.org","@graph":[{"@type":"WebPage","@id":"https:\/\/lands.pt\/travellers-guide-to-the-algarve\/","url":"https:\/\/lands.pt\/travellers-guide-to-the-algarve\/","name":"Gu\u00eda Tur\u00edstica del Algarve | Lands","isPartOf":{"@id":"https:\/\/lands.pt\/es\/#website"},"primaryImageOfPage":{"@id":"https:\/\/lands.pt\/travellers-guide-to-the-algarve\/#primaryimage"},"image":{"@id":"https:\/\/lands.pt\/travellers-guide-to-the-algarve\/#primaryimage"},"thumbnailUrl":"https:\/\/lands.pt\/wp-content\/uploads\/2020\/11\/Ria-Formosa-Eco-Boat-Tour-01.jpg","datePublished":"2024-02-23T12:59:59+00:00","dateModified":"2025-08-22T08:12:21+00:00","description":"\u00danase a Lands, analizamos qu\u00e9 hace que el Algarve sea especial y le ofrecemos consejos para planificar sus viajes. Leer m\u00e1s\u2026","breadcrumb":{"@id":"https:\/\/lands.pt\/travellers-guide-to-the-algarve\/#breadcrumb"},"inLanguage":"es","potentialAction":[{"@type":"ReadAction","target":["https:\/\/lands.pt\/travellers-guide-to-the-algarve\/"]}]},{"@type":"ImageObject","inLanguage":"es","@id":"https:\/\/lands.pt\/travellers-guide-to-the-algarve\/#primaryimage","url":"https:\/\/lands.pt\/wp-content\/uploads\/2020\/11\/Ria-Formosa-Eco-Boat-Tour-01.jpg","contentUrl":"https:\/\/lands.pt\/wp-content\/uploads\/2020\/11\/Ria-Formosa-Eco-Boat-Tour-01.jpg","width":1920,"height":1080,"caption":"Panoramic view of the Ria Formosa estuary from the boat tour, highlighting the harmonious blend of land and water."},{"@type":"BreadcrumbList","@id":"https:\/\/lands.pt\/travellers-guide-to-the-algarve\/#breadcrumb","itemListElement":[{"@type":"ListItem","position":1,"name":"Home","item":"https:\/\/lands.pt\/"},{"@type":"ListItem","position":2,"name":"Traveller\u2019s Guide to the Algarve"}]},{"@type":"WebSite","@id":"https:\/\/lands.pt\/es\/#website","url":"https:\/\/lands.pt\/es\/","name":"Lands - Turismo de naturaleza","description":"Ria Formosa y Faro Paseos en Barco y Actividades","publisher":{"@id":"https:\/\/lands.pt\/es\/#organization"},"potentialAction":[{"@type":"SearchAction","target":{"@type":"EntryPoint","urlTemplate":"https:\/\/lands.pt\/es\/?s={search_term_string}"},"query-input":{"@type":"PropertyValueSpecification","valueRequired":true,"valueName":"search_term_string"}}],"inLanguage":"es"},{"@type":"Organization","@id":"https:\/\/lands.pt\/es\/#organization","name":"Lands","url":"https:\/\/lands.pt\/es\/","logo":{"@type":"ImageObject","inLanguage":"es","@id":"https:\/\/lands.pt\/es\/#\/schema\/logo\/image\/","url":"https:\/\/lands.pt\/wp-content\/uploads\/2020\/11\/12.png","contentUrl":"https:\/\/lands.pt\/wp-content\/uploads\/2020\/11\/12.png","width":424,"height":183,"caption":"Lands"},"image":{"@id":"https:\/\/lands.pt\/es\/#\/schema\/logo\/image\/"}}]}},"_links":{"self":[{"href":"https:\/\/lands.pt\/es\/wp-json\/wp\/v2\/pages\/7598","targetHints":{"allow":["GET"]}}],"collection":[{"href":"https:\/\/lands.pt\/es\/wp-json\/wp\/v2\/pages"}],"about":[{"href":"https:\/\/lands.pt\/es\/wp-json\/wp\/v2\/types\/page"}],"author":[{"embeddable":true,"href":"https:\/\/lands.pt\/es\/wp-json\/wp\/v2\/users\/1"}],"replies":[{"embeddable":true,"href":"https:\/\/lands.pt\/es\/wp-json\/wp\/v2\/comments?post=7598"}],"version-history":[{"count":5,"href":"https:\/\/lands.pt\/es\/wp-json\/wp\/v2\/pages\/7598\/revisions"}],"predecessor-version":[{"id":8173,"href":"https:\/\/lands.pt\/es\/wp-json\/wp\/v2\/pages\/7598\/revisions\/8173"}],"wp:featuredmedia":[{"embeddable":true,"href":"https:\/\/lands.pt\/es\/wp-json\/wp\/v2\/media\/7252"}],"wp:attachment":[{"href":"https:\/\/lands.pt\/es\/wp-json\/wp\/v2\/media?parent=7598"}],"curies":[{"name":"wp","href":"https:\/\/api.w.org\/{rel}","templated":true}]}}