{"id":5781,"date":"2020-11-23T16:25:24","date_gmt":"2020-11-23T16:25:24","guid":{"rendered":"https:\/\/lands.tourismmarketing.agency\/?page_id=5781"},"modified":"2025-08-04T14:59:59","modified_gmt":"2025-08-04T14:59:59","slug":"guias-de-viaje","status":"publish","type":"page","link":"https:\/\/lands.pt\/es\/guias-de-viaje\/","title":{"rendered":"Gu\u00edas de Viaje"},"content":{"rendered":"","protected":false},"excerpt":{"rendered":"","protected":false},"author":1,"featured_media":5831,"parent":0,"menu_order":0,"comment_status":"closed","ping_status":"closed","template":"","meta":{"inline_featured_image":false,"_joinchat":[],"footnotes":""},"class_list":["post-5781","page","type-page","status-publish","has-post-thumbnail","hentry"],"yoast_head":"<!-- This site is optimized with the Yoast SEO plugin v26.9 - https:\/\/yoast.com\/product\/yoast-seo-wordpress\/ -->\n<title>Ria Formosa Travel Guides | Lands<\/title>\n<meta name=\"description\" content=\"Looking for travel advice for Southern Portugal? Join Lands to discover our range of Ria Formosa &amp; Faro travel guides and start your eco-boat adventure.\" \/>\n<meta name=\"robots\" content=\"index, follow, max-snippet:-1, max-image-preview:large, max-video-preview:-1\" \/>\n<link rel=\"canonical\" href=\"https:\/\/lands.pt\/es\/guias-de-viaje\/\" \/>\n<meta property=\"og:locale\" content=\"es_ES\" \/>\n<meta property=\"og:type\" content=\"article\" \/>\n<meta property=\"og:title\" content=\"Ria Formosa Travel Guides | Lands\" \/>\n<meta property=\"og:description\" content=\"Looking for travel advice for Southern Portugal? Join Lands to discover our range of Ria Formosa &amp; Faro travel guides and start your eco-boat adventure.\" \/>\n<meta property=\"og:url\" content=\"https:\/\/lands.pt\/es\/guias-de-viaje\/\" \/>\n<meta property=\"og:site_name\" content=\"Lands - Turismo na Natureza\" \/>\n<meta property=\"article:modified_time\" content=\"2025-08-04T14:59:59+00:00\" \/>\n<meta property=\"og:image\" content=\"https:\/\/lands.pt\/wp-content\/uploads\/2020\/11\/Sunset-Boat-Trip-Ria-Formosa-3.jpg\" \/>\n\t<meta property=\"og:image:width\" content=\"1920\" \/>\n\t<meta property=\"og:image:height\" content=\"1080\" \/>\n\t<meta property=\"og:image:type\" content=\"image\/jpeg\" \/>\n<meta name=\"twitter:card\" content=\"summary_large_image\" \/>\n<meta name=\"twitter:label1\" content=\"Tiempo de lectura\" \/>\n\t<meta name=\"twitter:data1\" content=\"6 minutos\" \/>\n<script type=\"application\/ld+json\" class=\"yoast-schema-graph\">{\"@context\":\"https:\/\/schema.org\",\"@graph\":[{\"@type\":\"WebPage\",\"@id\":\"https:\/\/lands.pt\/travel-guides\/\",\"url\":\"https:\/\/lands.pt\/travel-guides\/\",\"name\":\"Ria Formosa Travel Guides | Lands\",\"isPartOf\":{\"@id\":\"https:\/\/lands.pt\/es\/#website\"},\"primaryImageOfPage\":{\"@id\":\"https:\/\/lands.pt\/travel-guides\/#primaryimage\"},\"image\":{\"@id\":\"https:\/\/lands.pt\/travel-guides\/#primaryimage\"},\"thumbnailUrl\":\"https:\/\/lands.pt\/wp-content\/uploads\/2020\/11\/Sunset-Boat-Trip-Ria-Formosa-3.jpg\",\"datePublished\":\"2020-11-23T16:25:24+00:00\",\"dateModified\":\"2025-08-04T14:59:59+00:00\",\"description\":\"Looking for travel advice for Southern Portugal? Join Lands to discover our range of Ria Formosa & Faro travel guides and start your eco-boat adventure.\",\"breadcrumb\":{\"@id\":\"https:\/\/lands.pt\/travel-guides\/#breadcrumb\"},\"inLanguage\":\"es\",\"potentialAction\":[{\"@type\":\"ReadAction\",\"target\":[\"https:\/\/lands.pt\/travel-guides\/\"]}]},{\"@type\":\"ImageObject\",\"inLanguage\":\"es\",\"@id\":\"https:\/\/lands.pt\/travel-guides\/#primaryimage\",\"url\":\"https:\/\/lands.pt\/wp-content\/uploads\/2020\/11\/Sunset-Boat-Trip-Ria-Formosa-3.jpg\",\"contentUrl\":\"https:\/\/lands.pt\/wp-content\/uploads\/2020\/11\/Sunset-Boat-Trip-Ria-Formosa-3.jpg\",\"width\":1920,\"height\":1080,\"caption\":\"Magical sunset in Ria Formosa on a boat trip around Faro\"},{\"@type\":\"BreadcrumbList\",\"@id\":\"https:\/\/lands.pt\/travel-guides\/#breadcrumb\",\"itemListElement\":[{\"@type\":\"ListItem\",\"position\":1,\"name\":\"Home\",\"item\":\"https:\/\/lands.pt\/\"},{\"@type\":\"ListItem\",\"position\":2,\"name\":\"Travel Guides\"}]},{\"@type\":\"WebSite\",\"@id\":\"https:\/\/lands.pt\/es\/#website\",\"url\":\"https:\/\/lands.pt\/es\/\",\"name\":\"Lands - Turismo na Natureza\",\"description\":\"Eco-friendly Boat Trips &amp; Tours in Ria Formosa, Faro - Algarve\",\"publisher\":{\"@id\":\"https:\/\/lands.pt\/es\/#organization\"},\"potentialAction\":[{\"@type\":\"SearchAction\",\"target\":{\"@type\":\"EntryPoint\",\"urlTemplate\":\"https:\/\/lands.pt\/es\/?s={search_term_string}\"},\"query-input\":{\"@type\":\"PropertyValueSpecification\",\"valueRequired\":true,\"valueName\":\"search_term_string\"}}],\"inLanguage\":\"es\"},{\"@type\":\"Organization\",\"@id\":\"https:\/\/lands.pt\/es\/#organization\",\"name\":\"Lands\",\"url\":\"https:\/\/lands.pt\/es\/\",\"logo\":{\"@type\":\"ImageObject\",\"inLanguage\":\"es\",\"@id\":\"https:\/\/lands.pt\/es\/#\/schema\/logo\/image\/\",\"url\":\"https:\/\/lands.pt\/wp-content\/uploads\/2020\/11\/12.png\",\"contentUrl\":\"https:\/\/lands.pt\/wp-content\/uploads\/2020\/11\/12.png\",\"width\":424,\"height\":183,\"caption\":\"Lands\"},\"image\":{\"@id\":\"https:\/\/lands.pt\/es\/#\/schema\/logo\/image\/\"}}]}<\/script>\n<!-- \/ Yoast SEO plugin. -->","yoast_head_json":{"title":"Gu\u00edas de Viaje de Ria Formosa | Lands","description":"\u00bfBusca consejos de viaje para el sur de Portugal? \u00danase a Lands para descubrir nuestra gama de gu\u00edas de viaje de Ria Formosa y Faro y comience su aventura en barco ecol\u00f3gico.","robots":{"index":"index","follow":"follow","max-snippet":"max-snippet:-1","max-image-preview":"max-image-preview:large","max-video-preview":"max-video-preview:-1"},"canonical":"https:\/\/lands.pt\/es\/guias-de-viaje\/","og_locale":"es_ES","og_type":"article","og_title":"Ria Formosa Travel Guides | Lands","og_description":"Looking for travel advice for Southern Portugal? Join Lands to discover our range of Ria Formosa & Faro travel guides and start your eco-boat adventure.","og_url":"https:\/\/lands.pt\/es\/guias-de-viaje\/","og_site_name":"Lands - Turismo na Natureza","article_modified_time":"2025-08-04T14:59:59+00:00","og_image":[{"width":1920,"height":1080,"url":"https:\/\/lands.pt\/wp-content\/uploads\/2020\/11\/Sunset-Boat-Trip-Ria-Formosa-3.jpg","type":"image\/jpeg"}],"twitter_card":"summary_large_image","twitter_misc":{"Tiempo de lectura":"6 minutos"},"schema":{"@context":"https:\/\/schema.org","@graph":[{"@type":"WebPage","@id":"https:\/\/lands.pt\/travel-guides\/","url":"https:\/\/lands.pt\/travel-guides\/","name":"Gu\u00edas de Viaje de Ria Formosa | Lands","isPartOf":{"@id":"https:\/\/lands.pt\/es\/#website"},"primaryImageOfPage":{"@id":"https:\/\/lands.pt\/travel-guides\/#primaryimage"},"image":{"@id":"https:\/\/lands.pt\/travel-guides\/#primaryimage"},"thumbnailUrl":"https:\/\/lands.pt\/wp-content\/uploads\/2020\/11\/Sunset-Boat-Trip-Ria-Formosa-3.jpg","datePublished":"2020-11-23T16:25:24+00:00","dateModified":"2025-08-04T14:59:59+00:00","description":"\u00bfBusca consejos de viaje para el sur de Portugal? \u00danase a Lands para descubrir nuestra gama de gu\u00edas de viaje de Ria Formosa y Faro y comience su aventura en barco ecol\u00f3gico.","breadcrumb":{"@id":"https:\/\/lands.pt\/travel-guides\/#breadcrumb"},"inLanguage":"es","potentialAction":[{"@type":"ReadAction","target":["https:\/\/lands.pt\/travel-guides\/"]}]},{"@type":"ImageObject","inLanguage":"es","@id":"https:\/\/lands.pt\/travel-guides\/#primaryimage","url":"https:\/\/lands.pt\/wp-content\/uploads\/2020\/11\/Sunset-Boat-Trip-Ria-Formosa-3.jpg","contentUrl":"https:\/\/lands.pt\/wp-content\/uploads\/2020\/11\/Sunset-Boat-Trip-Ria-Formosa-3.jpg","width":1920,"height":1080,"caption":"Magical sunset in Ria Formosa on a boat trip around Faro"},{"@type":"BreadcrumbList","@id":"https:\/\/lands.pt\/travel-guides\/#breadcrumb","itemListElement":[{"@type":"ListItem","position":1,"name":"Home","item":"https:\/\/lands.pt\/"},{"@type":"ListItem","position":2,"name":"Travel Guides"}]},{"@type":"WebSite","@id":"https:\/\/lands.pt\/es\/#website","url":"https:\/\/lands.pt\/es\/","name":"Lands - Turismo de naturaleza","description":"Ria Formosa y Faro Paseos en Barco y Actividades","publisher":{"@id":"https:\/\/lands.pt\/es\/#organization"},"potentialAction":[{"@type":"SearchAction","target":{"@type":"EntryPoint","urlTemplate":"https:\/\/lands.pt\/es\/?s={search_term_string}"},"query-input":{"@type":"PropertyValueSpecification","valueRequired":true,"valueName":"search_term_string"}}],"inLanguage":"es"},{"@type":"Organization","@id":"https:\/\/lands.pt\/es\/#organization","name":"Lands","url":"https:\/\/lands.pt\/es\/","logo":{"@type":"ImageObject","inLanguage":"es","@id":"https:\/\/lands.pt\/es\/#\/schema\/logo\/image\/","url":"https:\/\/lands.pt\/wp-content\/uploads\/2020\/11\/12.png","contentUrl":"https:\/\/lands.pt\/wp-content\/uploads\/2020\/11\/12.png","width":424,"height":183,"caption":"Lands"},"image":{"@id":"https:\/\/lands.pt\/es\/#\/schema\/logo\/image\/"}}]}},"_links":{"self":[{"href":"https:\/\/lands.pt\/es\/wp-json\/wp\/v2\/pages\/5781","targetHints":{"allow":["GET"]}}],"collection":[{"href":"https:\/\/lands.pt\/es\/wp-json\/wp\/v2\/pages"}],"about":[{"href":"https:\/\/lands.pt\/es\/wp-json\/wp\/v2\/types\/page"}],"author":[{"embeddable":true,"href":"https:\/\/lands.pt\/es\/wp-json\/wp\/v2\/users\/1"}],"replies":[{"embeddable":true,"href":"https:\/\/lands.pt\/es\/wp-json\/wp\/v2\/comments?post=5781"}],"version-history":[{"count":5,"href":"https:\/\/lands.pt\/es\/wp-json\/wp\/v2\/pages\/5781\/revisions"}],"predecessor-version":[{"id":8138,"href":"https:\/\/lands.pt\/es\/wp-json\/wp\/v2\/pages\/5781\/revisions\/8138"}],"wp:featuredmedia":[{"embeddable":true,"href":"https:\/\/lands.pt\/es\/wp-json\/wp\/v2\/media\/5831"}],"wp:attachment":[{"href":"https:\/\/lands.pt\/es\/wp-json\/wp\/v2\/media?parent=5781"}],"curies":[{"name":"wp","href":"https:\/\/api.w.org\/{rel}","templated":true}]}}