{"id":5725,"date":"2020-11-23T15:46:12","date_gmt":"2020-11-23T15:46:12","guid":{"rendered":"https:\/\/lands.tourismmarketing.agency\/?page_id=5725"},"modified":"2024-03-06T14:22:16","modified_gmt":"2024-03-06T14:22:16","slug":"terminos-y-condiciones","status":"publish","type":"page","link":"https:\/\/lands.pt\/es\/terminos-y-condiciones\/","title":{"rendered":"T\u00e9rminos y Condiciones"},"content":{"rendered":"<h2 class=\"wp-block-heading\"><small>RESERVAS<\/small><\/h2>\r\n\r\n\r\n\r\n<ul class=\"wp-block-list\">\r\n<li><small>Las reservas de actividades y \/ o servicios se pueden realizar en un formulario en nuestro sitio web, por correo electr\u00f3nico, por tel\u00e9fono, a trav\u00e9s de agentes autorizados de\u00a0Lands - Turismo na Natureza, Lda.<\/small><\/li>\r\n<li><small>Para grupos superiores a 20 participantes, las reservas de actividades y\/o servicios deben hacerse con la mayor antelaci\u00f3n posible (24 horas m\u00ednimo).<\/small><\/li>\r\n<li><small>Todas las reservas est\u00e1n sujetas a disponibilidad.<\/small><\/li>\r\n<\/ul>\r\n<h2><small>CANCELACIONES Y NO SHOWS<\/small><\/h2>\r\n\r\n\r\n\r\n<ul class=\"wp-block-list\">\r\n<li><small>Lands - Turismo na Natureza, Lda. se reserva el derecho de cancelar la actividad y \/ o los servicios por razones que se encuentran fuera de la responsabilidad de la empresa. No podemos ser responsables de las cancelaciones debido a las siguientes razones: desastres naturales, condiciones clim\u00e1ticas, fallas del sistema o cualquier otra circunstancia m\u00e1s all\u00e1 del control de la compa\u00f1\u00eda y tambi\u00e9n cada vez que la seguridad y la integridad de los participantes, equipos y \/ o bienes est\u00e9n en riesgo.  El cliente ser\u00e1 reembolsado en su totalidad, sin ninguna compensaci\u00f3n o indemnizaci\u00f3n.<\/small><\/li>\r\n<li><small>La cancelaci\u00f3n de una actividad y\/o servicio por parte del participante, puede ser realizada a trav\u00e9s del formulario propio (presente en el sitio web), por tel\u00e9fono o por correo electr\u00f3nico, hasta 24 horas antes del inicio de la actividad y\/o servicios.<\/small><\/li>\r\n<li><small>En el caso de reservas para grupos superiores a 10 participantes, la cancelaci\u00f3n y\/o cualquier alteraci\u00f3n de la reserva debe ser comunicada a trav\u00e9s del formulario propio (presente en el sitio web), por tel\u00e9fono o por correo electr\u00f3nico, hasta 48 horas antes del inicio de la actividad.<\/small><\/li>\r\n<li><small>Si la cancelaci\u00f3n no cumple con los requisitos anteriores, ser\u00e1 cobrado el importe total de la actividad y\/ o servicios.<\/small><\/li>\r\n<li><small>Cuando empezada la actividad y\/ o servicios con la concordancia de los participantes, y sin que exista ning\u00fan riesgo para la seguridad y\/ o integridad de los participantes, equipamientos y\/o bienes, en el caso de ser solicitada la interrupci\u00f3n de la actividad por parte de uno o m\u00e1s participantes debidos las condiciones meteorol\u00f3gicas (viento, temperatura, lluvia, oleaje...) u otros factores externos a nuestra compa\u00f1\u00eda, no hay lugar a cualquier tipo de reembolso ni compensaci\u00f3n, ya que la actividad y\/o servicio proseguir\u00e1 su curso normal.<\/small><\/li>\r\n<li><small>En el caso de alquiler de equipamientos, la cancelaci\u00f3n debe ser hecha con 24 horas de antelaci\u00f3n, en caso contrario no hay lugar a cualquier tipo de reembolso ni compensaci\u00f3n. En caso de interrupci\u00f3n voluntaria del alquiler por parte del cliente, ser\u00e1 cobrado el tiempo utilizado del equipamiento y\/ o el tiempo m\u00ednimo de alquiler del mismo.<\/small><\/li>\r\n<li><small>El alquiler de equipamiento est\u00e1 sujeto a t\u00e9rminos y condiciones propios.<\/small><\/li>\r\n<li><small>En caso de no show, por parte de los participantes, no hay lugar a cualquier tipo de reembolso.<\/small><\/li>\r\n<\/ul>\r\n<h2><small>USO DE EMBARCACIONES Y\/O EQUIPOS<\/small><\/h2>\r\n\r\n\r\n\r\n<ul class=\"wp-block-list\">\r\n<li><small>Lands - Turismo na Natureza, Lda. se reserva el derecho de cambiar de embarcaciones y\/o de equipamientos para la realizaci\u00f3n de las actividades, por razones de: fallos t\u00e9cnicos o condiciones meteorol\u00f3gicas adversas. En esta situaci\u00f3n ser\u00e1 utilizada otra embarcaci\u00f3n y\/u otro equipamiento, siendo cobrada la tarifa acordada anteriormente.<\/small><\/li>\r\n<\/ul>\r\n\r\n\r\n\r\n<h2 class=\"wp-block-heading\"><small>HORA Y LUGAR DE PARTIDA<\/small><\/h2>\r\n\r\n\r\n\r\n<ul class=\"wp-block-list\">\r\n<li><small>El punto de encuentro y el tiempo de salida se indican en el cup\u00f3n o en el documento de confirmaci\u00f3n de la reserva.<\/small><\/li>\r\n<li><small>El retraso de los participantes puede implicar la exclusi\u00f3n de la actividad. Para evitar este \u00faltimo suceda por favor sea tan amable de estar en el punto de encuentro designado a tiempo. Hay una tolerancia m\u00e1xima de 10 minutos.<\/small><\/li>\r\n<li><small>La hora de salida est\u00e1 sujeta a cambios debido a las condiciones meteorol\u00f3gicas, fallos del sistema, o cualquier otra circunstancia fuera del control de la empresa.<\/small><\/li>\r\n<li><small>Siempre que se realicen paradas y los participantes dispongan de tiempo libre en el transcurso de la actividad, la tripulaci\u00f3n, el gu\u00eda y\/ o monitor informar\u00e1n acerca del lugar y la hora de partida. Debe estar en el lugar acordado 5 minutos antes de la hora de partida.<\/small><\/li>\r\n<li><small>Lands - Turismo na Natureza, Lda. podr\u00e1 suspender la participaci\u00f3n de un participante en la actividad, si este no respeta las horas acordadas. En este caso no se realiza ning\u00fan reembolso ni compensaci\u00f3n.<\/small><\/li>\r\n<li><small>Lands se reserva el derecho de suspender a un participante de la actividad y\/o servicio si el participante no tiene la condici\u00f3n f\u00edsica para realizarla o si el participante no respeta las recomendaciones e instrucciones de seguridad.<\/small><\/li>\r\n<\/ul>\r\n<h2><small>ITINERARIOS E INFORMACI\u00d3N EN SITIO WEB, CAT\u00c1LOGOS, FOLLETOS, FOLLETOS Y OTROS MATERIALES<\/small><\/h2>\r\n\r\n\r\n\r\n<ul class=\"wp-block-list\">\r\n<li><small>La indicaci\u00f3n de los itinerarios y horas de las diferentes actividades y\/ o servicios son meramente indicativos, pudiendo sufrir alteraciones debido a las condiciones meteorol\u00f3gicas o a la condici\u00f3n f\u00edsica de los participantes, en caso de que el representante de Lands - Turismo na Natureza, Lda. lo consider\u00e9 conveniente.<\/small><\/li>\r\n<li><small>Los horarios de salida y llegada, as\u00ed como la duraci\u00f3n de las actividades est\u00e1n sujetas a posibles alteraciones sin previo aviso debido a la seguridad, en funci\u00f3n de las condiciones meteorol\u00f3gicas; viento, corrientes, o cualquier otra circunstancia ajena a Lands - Turismo na Natureza, Lda.<\/small><\/li>\r\n<\/ul>\r\n<h2><small>C\u00d3DIGO DE CONDUTA<\/small><\/h2>\r\n\r\n\r\n\r\n<ul class=\"wp-block-list\">\r\n<li><small>Lands \u2013 Turismo na Natureza, Lda. promueve actividades de ecoturismo y recorridos por la naturaleza de inter\u00e9s natural, cultural y medioambiental. Esperamos que nuestros hu\u00e9spedes y participantes respeten las \u00e1reas naturales visitadas y el estilo de vida local. Respetamos y seguimos las pautas del c\u00f3digo de conducta del ICNF y nos reservamos el derecho de suspender o cancelar una actividad si consideramos que el comportamiento de los participantes entra en conflicto con esta filosof\u00eda y c\u00f3digo de conducta.<\/small><\/li>\r\n<\/ul>\r\n<h2><small>FOTOS Y VIDEOS<\/small><\/h2>\r\n\r\n\r\n\r\n<ul class=\"wp-block-list\">\r\n<li><small>Durante nuestras actividades y\/o servicios podemos tomar fotograf\u00edas y videos para promocionar nuestra empresa. Si usted no desea que esta informaci\u00f3n sea utilizada, por favor sea tan amable de informar previamente a nuestro personal.<\/small><\/li>\r\n<\/ul>\r\n<h2><small>RECLAMACIONES<\/small><\/h2>\r\n<ul>\r\n<li><small>Lands - Turismo na Natureza, Lda. tiene disponible un libro de reclamaciones e informa directamente a ASAE.<\/small><\/li>\r\n<\/ul>\r\n<h2><small>RESOLUCI\u00d3N ALTERNATIVA DE CONTROVERSIAS DE CONSUMO (RAL)<\/small><\/h2>\r\n\r\n\r\n\r\n<ul class=\"wp-block-list\">\r\n<li><small>En caso de disputa, el consumidor puede recurrir a una entidad de Resoluci\u00f3n Alternativa de Disputas del Consumidor (RAL).<\/small><\/li>\r\n<li><small>Las entidades de Resoluci\u00f3n Alternativa de Controversias de Consumo (RAL) son entidades autorizadas para llevar a cabo mediaci\u00f3n, conciliaci\u00f3n y arbitraje de litigios de consumo en Portugal que est\u00e1n registradas en la lista de entidades RAL prevista por la Ley n.\u00ba 144\/2015.<\/small><\/li>\r\n<\/ul>\r\n<p><small>Centro de Informa\u00e7\u00e3o, Media\u00e7\u00e3o e Arbitragem de Conflitos de Consumo \u2013 Faro (CIMAAL)<\/small><\/p>\r\n<p><small>Direcci\u00f3n: Avenida 5 de Outubro, n.\u00ba 55, R\/C Dt\u00ba. \u2013 8000-075 Faro<\/small><\/p>\r\n<p><small>E-mail: <a href=\"mailto:info@consumoalgarve.pt\">info@consumoalgarve.pt<\/a><\/small><\/p>\r\n<p><small>Tel\u00e9fono: 289 823 135 (Llamada a red fija nacional)<\/small><\/p>\r\n<p><a href=\"http:\/\/www.consumidoronline.pt\"><small>www.consumidoronline.pt<\/small><\/a><\/p>\r\n<p><a href=\"https:\/\/consumoalgarve.pt\/index.php\/pt\/\"><small>https:\/\/consumoalgarve.pt\/index.php\/pt\/<\/small><\/a><\/p>\r\n\r\n\r\n\r\n<h2 class=\"wp-block-heading\"><small>LICENCIAS Y SEGUROS<\/small>\u00a0<\/h2>\r\n\r\n\r\n\r\n<ul class=\"wp-block-list\">\r\n<li><small>Lands - Turismo na Natureza, Lda.es una compa\u00f1\u00eda totalmente licenciada con el Registro N.\u00ba 35\/2003\u00a0del Turismo de Portugal.<\/small><\/li>\r\n<li><small>Nuestras actividades son reconocidas como Turismo de Naturaleza por el ICNF: el Instituto Portugu\u00e9s de Conservaci\u00f3n de la Naturaleza y los Bosques.<\/small><\/li>\r\n<li><small>Tenemos todos los seguros obligatorios vigentes.<\/small><\/li>\r\n<\/ul>\r\n<h2><small>OMISIONES<\/small><\/h2>\r\n\r\n\r\n\r\n<ul class=\"wp-block-list\">\r\n<li><small>En los casos de omisi\u00f3n en estos t\u00e9rminos y condiciones deber\u00e1n ser discutidos con la empresa y sujetos a las leyes portuguesas en vigor.<\/small><\/li>\r\n<\/ul>","protected":false},"excerpt":{"rendered":"<p>BOOKINGS Bookings of activities and\/ or services may be done in a proper form on the website, by email, by phone, through authorized agents and\/ or Lands &#8211; Turismo na Natureza, Lda Points of Sale. For groups of 20 or more participants, bookings should be done as soon as possible and at least 24 hours [&hellip;]<\/p>\n","protected":false},"author":1,"featured_media":5862,"parent":0,"menu_order":0,"comment_status":"closed","ping_status":"open","template":"","meta":{"inline_featured_image":false,"_joinchat":[],"footnotes":""},"class_list":["post-5725","page","type-page","status-publish","has-post-thumbnail","hentry"],"yoast_head":"<!-- This site is optimized with the Yoast SEO plugin v26.9 - https:\/\/yoast.com\/product\/yoast-seo-wordpress\/ -->\n<title>Terms and Conditions - Lands - Turismo na Natureza<\/title>\n<meta name=\"description\" content=\"Discover our terms and conditions at Lands - Turismo na Natureza. Book your next adventure with confidence knowing our policies.\" \/>\n<meta name=\"robots\" content=\"index, follow, max-snippet:-1, max-image-preview:large, max-video-preview:-1\" \/>\n<link rel=\"canonical\" href=\"https:\/\/lands.pt\/es\/terminos-y-condiciones\/\" \/>\n<meta property=\"og:locale\" content=\"es_ES\" \/>\n<meta property=\"og:type\" content=\"article\" \/>\n<meta property=\"og:title\" content=\"Terms and Conditions - Lands - Turismo na Natureza\" \/>\n<meta property=\"og:description\" content=\"Discover our terms and conditions at Lands - Turismo na Natureza. Book your next adventure with confidence knowing our policies.\" \/>\n<meta property=\"og:url\" content=\"https:\/\/lands.pt\/es\/terminos-y-condiciones\/\" \/>\n<meta property=\"og:site_name\" content=\"Lands - Turismo na Natureza\" \/>\n<meta property=\"article:modified_time\" content=\"2024-03-06T14:22:16+00:00\" \/>\n<meta property=\"og:image\" content=\"https:\/\/lands.pt\/wp-content\/uploads\/2020\/11\/Guided-Kayak-Tour-Algarve-Ria-Formosa-Faro-1.jpg\" \/>\n\t<meta property=\"og:image:width\" content=\"1920\" \/>\n\t<meta property=\"og:image:height\" content=\"1080\" \/>\n\t<meta property=\"og:image:type\" content=\"image\/jpeg\" \/>\n<meta name=\"twitter:card\" content=\"summary_large_image\" \/>\n<meta name=\"twitter:label1\" content=\"Tiempo de lectura\" \/>\n\t<meta name=\"twitter:data1\" content=\"5 minutos\" \/>\n<script type=\"application\/ld+json\" class=\"yoast-schema-graph\">{\"@context\":\"https:\/\/schema.org\",\"@graph\":[{\"@type\":\"WebPage\",\"@id\":\"https:\/\/lands.pt\/terms-and-conditions\/\",\"url\":\"https:\/\/lands.pt\/terms-and-conditions\/\",\"name\":\"Terms and Conditions - Lands - Turismo na Natureza\",\"isPartOf\":{\"@id\":\"https:\/\/lands.pt\/es\/#website\"},\"primaryImageOfPage\":{\"@id\":\"https:\/\/lands.pt\/terms-and-conditions\/#primaryimage\"},\"image\":{\"@id\":\"https:\/\/lands.pt\/terms-and-conditions\/#primaryimage\"},\"thumbnailUrl\":\"https:\/\/lands.pt\/wp-content\/uploads\/2020\/11\/Guided-Kayak-Tour-Algarve-Ria-Formosa-Faro-1.jpg\",\"datePublished\":\"2020-11-23T15:46:12+00:00\",\"dateModified\":\"2024-03-06T14:22:16+00:00\",\"description\":\"Discover our terms and conditions at Lands - Turismo na Natureza. Book your next adventure with confidence knowing our policies.\",\"breadcrumb\":{\"@id\":\"https:\/\/lands.pt\/terms-and-conditions\/#breadcrumb\"},\"inLanguage\":\"es\",\"potentialAction\":[{\"@type\":\"ReadAction\",\"target\":[\"https:\/\/lands.pt\/terms-and-conditions\/\"]}]},{\"@type\":\"ImageObject\",\"inLanguage\":\"es\",\"@id\":\"https:\/\/lands.pt\/terms-and-conditions\/#primaryimage\",\"url\":\"https:\/\/lands.pt\/wp-content\/uploads\/2020\/11\/Guided-Kayak-Tour-Algarve-Ria-Formosa-Faro-1.jpg\",\"contentUrl\":\"https:\/\/lands.pt\/wp-content\/uploads\/2020\/11\/Guided-Kayak-Tour-Algarve-Ria-Formosa-Faro-1.jpg\",\"width\":1920,\"height\":1080,\"caption\":\"Explore the channels of Ria Formosa on our kayak tours around Faro\"},{\"@type\":\"BreadcrumbList\",\"@id\":\"https:\/\/lands.pt\/terms-and-conditions\/#breadcrumb\",\"itemListElement\":[{\"@type\":\"ListItem\",\"position\":1,\"name\":\"Home\",\"item\":\"https:\/\/lands.pt\/\"},{\"@type\":\"ListItem\",\"position\":2,\"name\":\"Terms and Conditions\"}]},{\"@type\":\"WebSite\",\"@id\":\"https:\/\/lands.pt\/es\/#website\",\"url\":\"https:\/\/lands.pt\/es\/\",\"name\":\"Lands - Turismo na Natureza\",\"description\":\"Eco-friendly Boat Trips &amp; Tours in Ria Formosa, Faro - Algarve\",\"publisher\":{\"@id\":\"https:\/\/lands.pt\/es\/#organization\"},\"potentialAction\":[{\"@type\":\"SearchAction\",\"target\":{\"@type\":\"EntryPoint\",\"urlTemplate\":\"https:\/\/lands.pt\/es\/?s={search_term_string}\"},\"query-input\":{\"@type\":\"PropertyValueSpecification\",\"valueRequired\":true,\"valueName\":\"search_term_string\"}}],\"inLanguage\":\"es\"},{\"@type\":\"Organization\",\"@id\":\"https:\/\/lands.pt\/es\/#organization\",\"name\":\"Lands\",\"url\":\"https:\/\/lands.pt\/es\/\",\"logo\":{\"@type\":\"ImageObject\",\"inLanguage\":\"es\",\"@id\":\"https:\/\/lands.pt\/es\/#\/schema\/logo\/image\/\",\"url\":\"https:\/\/lands.pt\/wp-content\/uploads\/2020\/11\/12.png\",\"contentUrl\":\"https:\/\/lands.pt\/wp-content\/uploads\/2020\/11\/12.png\",\"width\":424,\"height\":183,\"caption\":\"Lands\"},\"image\":{\"@id\":\"https:\/\/lands.pt\/es\/#\/schema\/logo\/image\/\"}}]}<\/script>\n<!-- \/ Yoast SEO plugin. -->","yoast_head_json":{"title":"T\u00e9rminos y Condiciones | Lands - Turismo na Natureza","description":"Discover our terms and conditions at Lands - Turismo na Natureza. Book your next adventure with confidence knowing our policies.","robots":{"index":"index","follow":"follow","max-snippet":"max-snippet:-1","max-image-preview":"max-image-preview:large","max-video-preview":"max-video-preview:-1"},"canonical":"https:\/\/lands.pt\/es\/terminos-y-condiciones\/","og_locale":"es_ES","og_type":"article","og_title":"Terms and Conditions - Lands - Turismo na Natureza","og_description":"Discover our terms and conditions at Lands - Turismo na Natureza. Book your next adventure with confidence knowing our policies.","og_url":"https:\/\/lands.pt\/es\/terminos-y-condiciones\/","og_site_name":"Lands - Turismo na Natureza","article_modified_time":"2024-03-06T14:22:16+00:00","og_image":[{"width":1920,"height":1080,"url":"https:\/\/lands.pt\/wp-content\/uploads\/2020\/11\/Guided-Kayak-Tour-Algarve-Ria-Formosa-Faro-1.jpg","type":"image\/jpeg"}],"twitter_card":"summary_large_image","twitter_misc":{"Tiempo de lectura":"5 minutos"},"schema":{"@context":"https:\/\/schema.org","@graph":[{"@type":"WebPage","@id":"https:\/\/lands.pt\/terms-and-conditions\/","url":"https:\/\/lands.pt\/terms-and-conditions\/","name":"T\u00e9rminos y Condiciones | Lands - Turismo na Natureza","isPartOf":{"@id":"https:\/\/lands.pt\/es\/#website"},"primaryImageOfPage":{"@id":"https:\/\/lands.pt\/terms-and-conditions\/#primaryimage"},"image":{"@id":"https:\/\/lands.pt\/terms-and-conditions\/#primaryimage"},"thumbnailUrl":"https:\/\/lands.pt\/wp-content\/uploads\/2020\/11\/Guided-Kayak-Tour-Algarve-Ria-Formosa-Faro-1.jpg","datePublished":"2020-11-23T15:46:12+00:00","dateModified":"2024-03-06T14:22:16+00:00","description":"Discover our terms and conditions at Lands - Turismo na Natureza. Book your next adventure with confidence knowing our policies.","breadcrumb":{"@id":"https:\/\/lands.pt\/terms-and-conditions\/#breadcrumb"},"inLanguage":"es","potentialAction":[{"@type":"ReadAction","target":["https:\/\/lands.pt\/terms-and-conditions\/"]}]},{"@type":"ImageObject","inLanguage":"es","@id":"https:\/\/lands.pt\/terms-and-conditions\/#primaryimage","url":"https:\/\/lands.pt\/wp-content\/uploads\/2020\/11\/Guided-Kayak-Tour-Algarve-Ria-Formosa-Faro-1.jpg","contentUrl":"https:\/\/lands.pt\/wp-content\/uploads\/2020\/11\/Guided-Kayak-Tour-Algarve-Ria-Formosa-Faro-1.jpg","width":1920,"height":1080,"caption":"Explore the channels of Ria Formosa on our kayak tours around Faro"},{"@type":"BreadcrumbList","@id":"https:\/\/lands.pt\/terms-and-conditions\/#breadcrumb","itemListElement":[{"@type":"ListItem","position":1,"name":"Home","item":"https:\/\/lands.pt\/"},{"@type":"ListItem","position":2,"name":"Terms and Conditions"}]},{"@type":"WebSite","@id":"https:\/\/lands.pt\/es\/#website","url":"https:\/\/lands.pt\/es\/","name":"Lands - Turismo de naturaleza","description":"Ria Formosa y Faro Paseos en Barco y Actividades","publisher":{"@id":"https:\/\/lands.pt\/es\/#organization"},"potentialAction":[{"@type":"SearchAction","target":{"@type":"EntryPoint","urlTemplate":"https:\/\/lands.pt\/es\/?s={search_term_string}"},"query-input":{"@type":"PropertyValueSpecification","valueRequired":true,"valueName":"search_term_string"}}],"inLanguage":"es"},{"@type":"Organization","@id":"https:\/\/lands.pt\/es\/#organization","name":"Lands","url":"https:\/\/lands.pt\/es\/","logo":{"@type":"ImageObject","inLanguage":"es","@id":"https:\/\/lands.pt\/es\/#\/schema\/logo\/image\/","url":"https:\/\/lands.pt\/wp-content\/uploads\/2020\/11\/12.png","contentUrl":"https:\/\/lands.pt\/wp-content\/uploads\/2020\/11\/12.png","width":424,"height":183,"caption":"Lands"},"image":{"@id":"https:\/\/lands.pt\/es\/#\/schema\/logo\/image\/"}}]}},"_links":{"self":[{"href":"https:\/\/lands.pt\/es\/wp-json\/wp\/v2\/pages\/5725","targetHints":{"allow":["GET"]}}],"collection":[{"href":"https:\/\/lands.pt\/es\/wp-json\/wp\/v2\/pages"}],"about":[{"href":"https:\/\/lands.pt\/es\/wp-json\/wp\/v2\/types\/page"}],"author":[{"embeddable":true,"href":"https:\/\/lands.pt\/es\/wp-json\/wp\/v2\/users\/1"}],"replies":[{"embeddable":true,"href":"https:\/\/lands.pt\/es\/wp-json\/wp\/v2\/comments?post=5725"}],"version-history":[{"count":5,"href":"https:\/\/lands.pt\/es\/wp-json\/wp\/v2\/pages\/5725\/revisions"}],"predecessor-version":[{"id":7639,"href":"https:\/\/lands.pt\/es\/wp-json\/wp\/v2\/pages\/5725\/revisions\/7639"}],"wp:featuredmedia":[{"embeddable":true,"href":"https:\/\/lands.pt\/es\/wp-json\/wp\/v2\/media\/5862"}],"wp:attachment":[{"href":"https:\/\/lands.pt\/es\/wp-json\/wp\/v2\/media?parent=5725"}],"curies":[{"name":"wp","href":"https:\/\/api.w.org\/{rel}","templated":true}]}}