{"id":5718,"date":"2020-11-23T15:23:02","date_gmt":"2020-11-23T15:23:02","guid":{"rendered":"https:\/\/lands.tourismmarketing.agency\/?page_id=5718"},"modified":"2025-08-12T15:07:46","modified_gmt":"2025-08-12T15:07:46","slug":"contactar-lands","status":"publish","type":"page","link":"https:\/\/lands.pt\/es\/contactar-lands\/","title":{"rendered":"Contactar con Lands"},"content":{"rendered":"","protected":false},"excerpt":{"rendered":"","protected":false},"author":1,"featured_media":7540,"parent":0,"menu_order":0,"comment_status":"closed","ping_status":"closed","template":"","meta":{"inline_featured_image":false,"_joinchat":[],"footnotes":""},"class_list":["post-5718","page","type-page","status-publish","has-post-thumbnail","hentry"],"yoast_head":"<!-- This site is optimized with the Yoast SEO plugin v26.9 - https:\/\/yoast.com\/product\/yoast-seo-wordpress\/ -->\n<title>Contact Lands - Lands - Turismo na Natureza<\/title>\n<meta name=\"description\" content=\"Find us in Faro at the Marina, Algarve. More info, contacts and online bookings on our website.\" \/>\n<meta name=\"robots\" content=\"index, follow, max-snippet:-1, max-image-preview:large, max-video-preview:-1\" \/>\n<link rel=\"canonical\" href=\"https:\/\/lands.pt\/es\/contactar-lands\/\" \/>\n<meta property=\"og:locale\" content=\"es_ES\" \/>\n<meta property=\"og:type\" content=\"article\" \/>\n<meta property=\"og:title\" content=\"Contact Lands - Lands - Turismo na Natureza\" \/>\n<meta property=\"og:description\" content=\"Find us in Faro at the Marina, Algarve. More info, contacts and online bookings on our website.\" \/>\n<meta property=\"og:url\" content=\"https:\/\/lands.pt\/es\/contactar-lands\/\" \/>\n<meta property=\"og:site_name\" content=\"Lands - Turismo na Natureza\" \/>\n<meta property=\"article:modified_time\" content=\"2025-08-12T15:07:46+00:00\" \/>\n<meta property=\"og:image\" content=\"https:\/\/lands.pt\/wp-content\/uploads\/2023\/02\/Private-Ria-Formosa-Boat-Tour-from-Faro.jpg\" \/>\n\t<meta property=\"og:image:width\" content=\"1920\" \/>\n\t<meta property=\"og:image:height\" content=\"1080\" \/>\n\t<meta property=\"og:image:type\" content=\"image\/jpeg\" \/>\n<meta name=\"twitter:card\" content=\"summary_large_image\" \/>\n<meta name=\"twitter:label1\" content=\"Tiempo de lectura\" \/>\n\t<meta name=\"twitter:data1\" content=\"1 minuto\" \/>\n<script type=\"application\/ld+json\" class=\"yoast-schema-graph\">{\"@context\":\"https:\/\/schema.org\",\"@graph\":[{\"@type\":\"WebPage\",\"@id\":\"https:\/\/lands.pt\/contact-lands\/\",\"url\":\"https:\/\/lands.pt\/contact-lands\/\",\"name\":\"Contact Lands - Lands - Turismo na Natureza\",\"isPartOf\":{\"@id\":\"https:\/\/lands.pt\/es\/#website\"},\"primaryImageOfPage\":{\"@id\":\"https:\/\/lands.pt\/contact-lands\/#primaryimage\"},\"image\":{\"@id\":\"https:\/\/lands.pt\/contact-lands\/#primaryimage\"},\"thumbnailUrl\":\"https:\/\/lands.pt\/wp-content\/uploads\/2023\/02\/Private-Ria-Formosa-Boat-Tour-from-Faro.jpg\",\"datePublished\":\"2020-11-23T15:23:02+00:00\",\"dateModified\":\"2025-08-12T15:07:46+00:00\",\"description\":\"Find us in Faro at the Marina, Algarve. More info, contacts and online bookings on our website.\",\"breadcrumb\":{\"@id\":\"https:\/\/lands.pt\/contact-lands\/#breadcrumb\"},\"inLanguage\":\"es\",\"potentialAction\":[{\"@type\":\"ReadAction\",\"target\":[\"https:\/\/lands.pt\/contact-lands\/\"]}]},{\"@type\":\"ImageObject\",\"inLanguage\":\"es\",\"@id\":\"https:\/\/lands.pt\/contact-lands\/#primaryimage\",\"url\":\"https:\/\/lands.pt\/wp-content\/uploads\/2023\/02\/Private-Ria-Formosa-Boat-Tour-from-Faro.jpg\",\"contentUrl\":\"https:\/\/lands.pt\/wp-content\/uploads\/2023\/02\/Private-Ria-Formosa-Boat-Tour-from-Faro.jpg\",\"width\":1920,\"height\":1080,\"caption\":\"Embark on a personalized adventure with our Private Ria Formosa Boat Tour from Faro. Picturesque scene of the boat gliding through the tranquil waters, surrounded by the natural beauty and unique landscapes of Ria Formosa in Algarve, Portugal.\"},{\"@type\":\"BreadcrumbList\",\"@id\":\"https:\/\/lands.pt\/contact-lands\/#breadcrumb\",\"itemListElement\":[{\"@type\":\"ListItem\",\"position\":1,\"name\":\"Home\",\"item\":\"https:\/\/lands.pt\/\"},{\"@type\":\"ListItem\",\"position\":2,\"name\":\"Contact Lands\"}]},{\"@type\":\"WebSite\",\"@id\":\"https:\/\/lands.pt\/es\/#website\",\"url\":\"https:\/\/lands.pt\/es\/\",\"name\":\"Lands - Turismo na Natureza\",\"description\":\"Eco-friendly Boat Trips &amp; Tours in Ria Formosa, Faro - Algarve\",\"publisher\":{\"@id\":\"https:\/\/lands.pt\/es\/#organization\"},\"potentialAction\":[{\"@type\":\"SearchAction\",\"target\":{\"@type\":\"EntryPoint\",\"urlTemplate\":\"https:\/\/lands.pt\/es\/?s={search_term_string}\"},\"query-input\":{\"@type\":\"PropertyValueSpecification\",\"valueRequired\":true,\"valueName\":\"search_term_string\"}}],\"inLanguage\":\"es\"},{\"@type\":\"Organization\",\"@id\":\"https:\/\/lands.pt\/es\/#organization\",\"name\":\"Lands\",\"url\":\"https:\/\/lands.pt\/es\/\",\"logo\":{\"@type\":\"ImageObject\",\"inLanguage\":\"es\",\"@id\":\"https:\/\/lands.pt\/es\/#\/schema\/logo\/image\/\",\"url\":\"https:\/\/lands.pt\/wp-content\/uploads\/2020\/11\/12.png\",\"contentUrl\":\"https:\/\/lands.pt\/wp-content\/uploads\/2020\/11\/12.png\",\"width\":424,\"height\":183,\"caption\":\"Lands\"},\"image\":{\"@id\":\"https:\/\/lands.pt\/es\/#\/schema\/logo\/image\/\"}}]}<\/script>\n<!-- \/ Yoast SEO plugin. -->","yoast_head_json":{"title":"Contactar Lands - Turismo na Natureza","description":"Estamos en Faro en la Marina de Faro, Algarve. Para m\u00e1s informaci\u00f3n, contactos y reservas en l\u00ednea, visite nuestro sitio web.","robots":{"index":"index","follow":"follow","max-snippet":"max-snippet:-1","max-image-preview":"max-image-preview:large","max-video-preview":"max-video-preview:-1"},"canonical":"https:\/\/lands.pt\/es\/contactar-lands\/","og_locale":"es_ES","og_type":"article","og_title":"Contact Lands - Lands - Turismo na Natureza","og_description":"Find us in Faro at the Marina, Algarve. More info, contacts and online bookings on our website.","og_url":"https:\/\/lands.pt\/es\/contactar-lands\/","og_site_name":"Lands - Turismo na Natureza","article_modified_time":"2025-08-12T15:07:46+00:00","og_image":[{"width":1920,"height":1080,"url":"https:\/\/lands.pt\/wp-content\/uploads\/2023\/02\/Private-Ria-Formosa-Boat-Tour-from-Faro.jpg","type":"image\/jpeg"}],"twitter_card":"summary_large_image","twitter_misc":{"Tiempo de lectura":"1 minuto"},"schema":{"@context":"https:\/\/schema.org","@graph":[{"@type":"WebPage","@id":"https:\/\/lands.pt\/contact-lands\/","url":"https:\/\/lands.pt\/contact-lands\/","name":"Contactar Lands - Turismo na Natureza","isPartOf":{"@id":"https:\/\/lands.pt\/es\/#website"},"primaryImageOfPage":{"@id":"https:\/\/lands.pt\/contact-lands\/#primaryimage"},"image":{"@id":"https:\/\/lands.pt\/contact-lands\/#primaryimage"},"thumbnailUrl":"https:\/\/lands.pt\/wp-content\/uploads\/2023\/02\/Private-Ria-Formosa-Boat-Tour-from-Faro.jpg","datePublished":"2020-11-23T15:23:02+00:00","dateModified":"2025-08-12T15:07:46+00:00","description":"Estamos en Faro en la Marina de Faro, Algarve. Para m\u00e1s informaci\u00f3n, contactos y reservas en l\u00ednea, visite nuestro sitio web.","breadcrumb":{"@id":"https:\/\/lands.pt\/contact-lands\/#breadcrumb"},"inLanguage":"es","potentialAction":[{"@type":"ReadAction","target":["https:\/\/lands.pt\/contact-lands\/"]}]},{"@type":"ImageObject","inLanguage":"es","@id":"https:\/\/lands.pt\/contact-lands\/#primaryimage","url":"https:\/\/lands.pt\/wp-content\/uploads\/2023\/02\/Private-Ria-Formosa-Boat-Tour-from-Faro.jpg","contentUrl":"https:\/\/lands.pt\/wp-content\/uploads\/2023\/02\/Private-Ria-Formosa-Boat-Tour-from-Faro.jpg","width":1920,"height":1080,"caption":"Embark on a personalized adventure with our Private Ria Formosa Boat Tour from Faro. Picturesque scene of the boat gliding through the tranquil waters, surrounded by the natural beauty and unique landscapes of Ria Formosa in Algarve, Portugal."},{"@type":"BreadcrumbList","@id":"https:\/\/lands.pt\/contact-lands\/#breadcrumb","itemListElement":[{"@type":"ListItem","position":1,"name":"Home","item":"https:\/\/lands.pt\/"},{"@type":"ListItem","position":2,"name":"Contact Lands"}]},{"@type":"WebSite","@id":"https:\/\/lands.pt\/es\/#website","url":"https:\/\/lands.pt\/es\/","name":"Lands - Turismo de naturaleza","description":"Ria Formosa y Faro Paseos en Barco y Actividades","publisher":{"@id":"https:\/\/lands.pt\/es\/#organization"},"potentialAction":[{"@type":"SearchAction","target":{"@type":"EntryPoint","urlTemplate":"https:\/\/lands.pt\/es\/?s={search_term_string}"},"query-input":{"@type":"PropertyValueSpecification","valueRequired":true,"valueName":"search_term_string"}}],"inLanguage":"es"},{"@type":"Organization","@id":"https:\/\/lands.pt\/es\/#organization","name":"Lands","url":"https:\/\/lands.pt\/es\/","logo":{"@type":"ImageObject","inLanguage":"es","@id":"https:\/\/lands.pt\/es\/#\/schema\/logo\/image\/","url":"https:\/\/lands.pt\/wp-content\/uploads\/2020\/11\/12.png","contentUrl":"https:\/\/lands.pt\/wp-content\/uploads\/2020\/11\/12.png","width":424,"height":183,"caption":"Lands"},"image":{"@id":"https:\/\/lands.pt\/es\/#\/schema\/logo\/image\/"}}]}},"_links":{"self":[{"href":"https:\/\/lands.pt\/es\/wp-json\/wp\/v2\/pages\/5718","targetHints":{"allow":["GET"]}}],"collection":[{"href":"https:\/\/lands.pt\/es\/wp-json\/wp\/v2\/pages"}],"about":[{"href":"https:\/\/lands.pt\/es\/wp-json\/wp\/v2\/types\/page"}],"author":[{"embeddable":true,"href":"https:\/\/lands.pt\/es\/wp-json\/wp\/v2\/users\/1"}],"replies":[{"embeddable":true,"href":"https:\/\/lands.pt\/es\/wp-json\/wp\/v2\/comments?post=5718"}],"version-history":[{"count":5,"href":"https:\/\/lands.pt\/es\/wp-json\/wp\/v2\/pages\/5718\/revisions"}],"predecessor-version":[{"id":8153,"href":"https:\/\/lands.pt\/es\/wp-json\/wp\/v2\/pages\/5718\/revisions\/8153"}],"wp:featuredmedia":[{"embeddable":true,"href":"https:\/\/lands.pt\/es\/wp-json\/wp\/v2\/media\/7540"}],"wp:attachment":[{"href":"https:\/\/lands.pt\/es\/wp-json\/wp\/v2\/media?parent=5718"}],"curies":[{"name":"wp","href":"https:\/\/api.w.org\/{rel}","templated":true}]}}